{"id":717,"date":"2015-12-14T13:09:35","date_gmt":"2015-12-14T12:09:35","guid":{"rendered":"https:\/\/ecolestmichel-laremaudiere.fr\/?page_id=717"},"modified":"2026-02-20T08:46:06","modified_gmt":"2026-02-20T07:46:06","slug":"ogec","status":"publish","type":"page","link":"https:\/\/ecolestmichel-laremaudiere.fr\/?page_id=717","title":{"rendered":"OGEC"},"content":{"rendered":"<div id=\"pl-717\"  class=\"panel-layout\" ><div id=\"pg-717-0\"  class=\"panel-grid panel-no-style\" ><div id=\"pgc-717-0-0\"  class=\"panel-grid-cell\" ><div id=\"panel-717-0-0-0\" class=\"so-panel widget widget_sow-editor panel-first-child panel-last-child\" data-index=\"0\" ><div\n\t\t\t\n\t\t\tclass=\"so-widget-sow-editor so-widget-sow-editor-base\"\n\t\t\t\n\t\t>\n<div class=\"siteorigin-widget-tinymce textwidget\">\n\t<p align=\"JUSTIFY\"><b>La gestion financi\u00e8re de l\u2019\u00e9cole est assur\u00e9e par une association, &nbsp;L\u2019OGEC<\/b>(Organisme de Gestion des \u00c9tablissements d\u2019enseignement Catholiques), form\u00e9e de parents b\u00e9n\u00e9voles et du chef d'\u00e9tablissement.<\/p>\n<p>L\u2019OGEC est <b>l\u2019Organisme de Gestion de l\u2019Enseignement Catholique<\/b>&nbsp; qui a pour but d\u2019offrir \u00e0 l\u2019\u00e9quipe \u00e9ducative les conditions mat\u00e9rielles optimales permettant la r\u00e9alisation du projet \u00e9ducatif de l\u2019\u00e9tablissement.<\/p>\n<p><em><strong>Le r\u00f4le de l\u2019OGEC s\u2019exerce dans les domaines suivants&nbsp;:<\/strong><\/em><\/p>\n<ul>\n<li>Gestion \u00e9conomique et financi\u00e8re&nbsp;: comptabilit\u00e9, finances, investissements,<\/li>\n<li>Gestion immobili\u00e8re&nbsp;: s\u00e9curit\u00e9, entretien et mise aux normes, organisation des matin\u00e9es travaux,<\/li>\n<li>Gestion sociale du personnel non enseignant (ASEM),<\/li>\n<li>R\u00e9colte de fonds pour l\u2019\u00e9cole&nbsp;: kermesse, photos scolaires, (en collaboration avec l\u2019APEL).<\/li>\n<li>Gestion de la restauration scolaire associative &nbsp;( salari\u00e9s\/prestataire de restauration)<\/li>\n<\/ul>\n<p align=\"JUSTIFY\">&nbsp;L'OGEC se r\u00e9unit en moyenne une fois par mois durant toute l\u2019ann\u00e9e scolaire.<\/p>\n<p>&nbsp;<\/p>\n<p align=\"JUSTIFY\">&nbsp;<\/p>\n<div id=\"sconnect-is-installed\" style=\"display: none;\">&nbsp;<\/div>\n<\/div>\n<\/div><\/div><\/div><\/div><\/div>","protected":false},"excerpt":{"rendered":"<p>La gestion financi\u00e8re de l\u2019\u00e9cole est assur\u00e9e par une association, &nbsp;L\u2019OGEC(Organisme de Gestion des \u00c9tablissements d\u2019enseignement Catholiques), form\u00e9e de parents b\u00e9n\u00e9voles et du chef d&rsquo;\u00e9tablissement. L\u2019OGEC est l\u2019Organisme de Gestion de l\u2019Enseignement Catholique&nbsp; qui a pour but d\u2019offrir \u00e0 l\u2019\u00e9quipe \u00e9ducative les conditions mat\u00e9rielles optimales permettant la r\u00e9alisation du projet \u00e9ducatif de l\u2019\u00e9tablissement. Le r\u00f4le&hellip; <br \/> <a class=\"read-more\" href=\"https:\/\/ecolestmichel-laremaudiere.fr\/?page_id=717\">Lire la suite<\/a><\/p>\n","protected":false},"author":2,"featured_media":0,"parent":0,"menu_order":0,"comment_status":"closed","ping_status":"closed","template":"","meta":{"ngg_post_thumbnail":0,"footnotes":""},"class_list":["post-717","page","type-page","status-publish","hentry"],"_links":{"self":[{"href":"https:\/\/ecolestmichel-laremaudiere.fr\/index.php?rest_route=\/wp\/v2\/pages\/717","targetHints":{"allow":["GET"]}}],"collection":[{"href":"https:\/\/ecolestmichel-laremaudiere.fr\/index.php?rest_route=\/wp\/v2\/pages"}],"about":[{"href":"https:\/\/ecolestmichel-laremaudiere.fr\/index.php?rest_route=\/wp\/v2\/types\/page"}],"author":[{"embeddable":true,"href":"https:\/\/ecolestmichel-laremaudiere.fr\/index.php?rest_route=\/wp\/v2\/users\/2"}],"replies":[{"embeddable":true,"href":"https:\/\/ecolestmichel-laremaudiere.fr\/index.php?rest_route=%2Fwp%2Fv2%2Fcomments&post=717"}],"version-history":[{"count":13,"href":"https:\/\/ecolestmichel-laremaudiere.fr\/index.php?rest_route=\/wp\/v2\/pages\/717\/revisions"}],"predecessor-version":[{"id":4669,"href":"https:\/\/ecolestmichel-laremaudiere.fr\/index.php?rest_route=\/wp\/v2\/pages\/717\/revisions\/4669"}],"wp:attachment":[{"href":"https:\/\/ecolestmichel-laremaudiere.fr\/index.php?rest_route=%2Fwp%2Fv2%2Fmedia&parent=717"}],"curies":[{"name":"wp","href":"https:\/\/api.w.org\/{rel}","templated":true}]}}