{"id":71,"date":"2013-11-26T21:48:24","date_gmt":"2013-11-26T20:48:24","guid":{"rendered":"https:\/\/ecolestmichel-laremaudiere.fr\/?page_id=71"},"modified":"2025-09-09T16:20:22","modified_gmt":"2025-09-09T15:20:22","slug":"a-vos-agendas","status":"publish","type":"page","link":"https:\/\/ecolestmichel-laremaudiere.fr\/?page_id=71","title":{"rendered":"A vos agendas"},"content":{"rendered":"<p>&nbsp;<\/p>\n<p style=\"text-align: center;\"><strong><span style=\"color: #ff0000;\">ANN\u00c9E 2025 2026<\/span><\/strong><\/p>\n<p>&nbsp;<\/p>\n<p style=\"text-align: center;\"><span style=\"color: #ff0000;\"><strong>&nbsp; <span style=\"text-decoration: underline; color: #0000ff;\">Dates des vacances scolaires 2025 2026:<\/span><\/strong><\/span><\/p>\n<div>\n<p style=\"text-align: center;\">Toussaint : du samedi 18 octobre au dimanche 2 novembre<\/p>\n<p style=\"text-align: center;\">No\u00ebl : du samedi 20 d\u00e9cembre au dimanche 4 janvier<\/p>\n<p style=\"text-align: center;\">F\u00e9vrier : du samedi 14 f\u00e9vrier au dimanche 1er mars<\/p>\n<p style=\"text-align: center;\">Printemps : du samedi 11 avril au lundi 26 avril<\/p>\n<p style=\"text-align: center;\">\u00c9t\u00e9&nbsp;&nbsp;: Samedi 4 juillet<\/p>\n<p style=\"text-align: center;\"><span style=\"color: #0000ff;\"><strong>Jours f\u00e9ri\u00e9s&nbsp; <span style=\"color: #0000ff;\">(<\/span><\/strong>Pas d&rsquo;\u00e9cole) :<\/span><\/p>\n<p style=\"text-align: center;\"><strong>Armistice<\/strong> : Mardi 11 novembre&nbsp;<\/p>\n<p style=\"text-align: center;\"><strong>P\u00e2ques<\/strong> : Lundi 6 avril. <strong><u><br \/>\n<\/u><\/strong><\/p>\n<p style=\"text-align: center;\"><strong>F\u00eate du travail<\/strong> : Vendredi 1er mai<\/p>\n<p style=\"text-align: center;\"><strong>Victoire 1945<\/strong> : Vendredi 8 mai<\/p>\n<p style=\"text-align: center;\"><strong>Jeudi de l\u2019Ascension<\/strong> : Jeudi 14 mai&nbsp; ( les \u00e9l\u00e8ves n\u2019auront pas cours le vendredi 15 mai.)<\/p>\n<p style=\"text-align: center;\"><strong>La Pentec\u00f4te<\/strong> : Lundi&nbsp; 9 juin.<\/p>\n<p>&nbsp;<\/p>\n<\/div>\n<div>\n<p style=\"text-align: center;\"><span style=\"color: #0000ff;\"><strong>\u00c9v\u00e9nements APEL 2025\/2026 :&nbsp;<\/strong><\/span><\/p>\n<p style=\"text-align: center;\"><strong>RRX<\/strong>: Dimanche 19 octobre&nbsp;&nbsp; <a href=\"https:\/\/rrxtrail.fr\/\">https:\/\/rrxtrail.fr\/<\/a><\/p>\n<p style=\"text-align: center;\"><strong>March\u00e9 de no\u00ebl<\/strong> : D\u00e9cembre 2025<\/p>\n<p style=\"text-align: center;\"><strong>Kermesse :&nbsp;<\/strong> Juin 2026<strong><br \/>\n<\/strong><\/p>\n<p>&nbsp;<\/p>\n<\/div>\n<div id=\"sconnect-is-installed\" style=\"display: none;\">&nbsp;<\/div>\n<div id=\"sconnect-is-installed\" style=\"display: none;\">&nbsp;<\/div>\n<div id=\"sconnect-is-installed\" style=\"display: none;\">&nbsp;<\/div>\n<div id=\"sconnect-is-installed\" style=\"display: none;\">&nbsp;<\/div>\n<div id=\"sconnect-is-installed\" style=\"display: none;\">&nbsp;<\/div>\n<div id=\"sconnect-is-installed\" style=\"display: none;\">&nbsp;<\/div>\n<div id=\"sconnect-is-installed\" style=\"display: none;\">&nbsp;<\/div>\n<div id=\"sconnect-is-installed\" style=\"display: none;\">&nbsp;<\/div>\n<div id=\"sconnect-is-installed\" style=\"display: none;\">2.14.0.0<\/div>\n<div id=\"sconnect-is-installed\" style=\"display: none;\">2.14.0.0<\/div>\n<div id=\"sconnect-is-installed\" style=\"display: none;\">2.15.0.0<\/div>\n<div id=\"sconnect-is-installed\" style=\"display: none;\">2.15.0.0<\/div>\n<div id=\"sconnect-is-installed\" style=\"display: none;\">2.15.0.0<\/div>\n<div id=\"sconnect-is-installed\" style=\"display: none;\">2.15.0.0<\/div>\n<div id=\"sconnect-is-installed\" style=\"display: none;\">2.15.0.0<\/div>\n","protected":false},"excerpt":{"rendered":"<p>&nbsp; ANN\u00c9E 2025 2026 &nbsp; &nbsp; Dates des vacances scolaires 2025 2026: Toussaint : du samedi 18 octobre au dimanche 2 novembre No\u00ebl : du samedi 20 d\u00e9cembre au dimanche 4 janvier F\u00e9vrier : du samedi 14 f\u00e9vrier au dimanche 1er mars Printemps : du samedi 11 avril au lundi 26 avril \u00c9t\u00e9&nbsp;&nbsp;: Samedi 4&hellip; <br \/> <a class=\"read-more\" href=\"https:\/\/ecolestmichel-laremaudiere.fr\/?page_id=71\">Lire la suite<\/a><\/p>\n","protected":false},"author":2,"featured_media":0,"parent":32,"menu_order":2,"comment_status":"closed","ping_status":"closed","template":"","meta":{"ngg_post_thumbnail":0,"footnotes":""},"class_list":["post-71","page","type-page","status-publish","hentry"],"_links":{"self":[{"href":"https:\/\/ecolestmichel-laremaudiere.fr\/index.php?rest_route=\/wp\/v2\/pages\/71","targetHints":{"allow":["GET"]}}],"collection":[{"href":"https:\/\/ecolestmichel-laremaudiere.fr\/index.php?rest_route=\/wp\/v2\/pages"}],"about":[{"href":"https:\/\/ecolestmichel-laremaudiere.fr\/index.php?rest_route=\/wp\/v2\/types\/page"}],"author":[{"embeddable":true,"href":"https:\/\/ecolestmichel-laremaudiere.fr\/index.php?rest_route=\/wp\/v2\/users\/2"}],"replies":[{"embeddable":true,"href":"https:\/\/ecolestmichel-laremaudiere.fr\/index.php?rest_route=%2Fwp%2Fv2%2Fcomments&post=71"}],"version-history":[{"count":47,"href":"https:\/\/ecolestmichel-laremaudiere.fr\/index.php?rest_route=\/wp\/v2\/pages\/71\/revisions"}],"predecessor-version":[{"id":4568,"href":"https:\/\/ecolestmichel-laremaudiere.fr\/index.php?rest_route=\/wp\/v2\/pages\/71\/revisions\/4568"}],"up":[{"embeddable":true,"href":"https:\/\/ecolestmichel-laremaudiere.fr\/index.php?rest_route=\/wp\/v2\/pages\/32"}],"wp:attachment":[{"href":"https:\/\/ecolestmichel-laremaudiere.fr\/index.php?rest_route=%2Fwp%2Fv2%2Fmedia&parent=71"}],"curies":[{"name":"wp","href":"https:\/\/api.w.org\/{rel}","templated":true}]}}