{"id":4544,"date":"2025-08-21T08:10:51","date_gmt":"2025-08-21T07:10:51","guid":{"rendered":"https:\/\/ecolestmichel-laremaudiere.fr\/?page_id=4544"},"modified":"2025-08-21T08:10:51","modified_gmt":"2025-08-21T07:10:51","slug":"apel","status":"publish","type":"page","link":"https:\/\/ecolestmichel-laremaudiere.fr\/?page_id=4544","title":{"rendered":"APEL"},"content":{"rendered":"<p>L\u2019APEL, <b>Association des Parents de l\u2019Enseignement Libre<\/b> a un r\u00f4le actif \u00e0 jouer pour \u00e9tablir et d\u00e9velopper une bonne relation avec le Chef d\u2019\u00e9tablissement et avec l\u2019ensemble des parents. L\u2019APEL apporte aussi son aide dans certains domaines pour dynamiser la vie de l\u2019\u00e9cole en participant aux activit\u00e9s propos\u00e9es par l\u2019\u00e9tablissement.<\/p>\n<p>Le r\u00f4le de l\u2019APEL s\u2019exerce dans les domaines suivants :<\/p>\n<ul>\n<li>Mission de&nbsp;porte-parole des parents aupr\u00e8s du chef d\u2019\u00e9tablissement et des diff\u00e9rents services Unapel, Urapel et Udapel.<\/li>\n<li>Organisation de manifestations afin de permettre aux parents, famille et amis de se retrouver et de cr\u00e9er des liens (march\u00e9 de No\u00ebl, galette des rois, Kermesse\u2026),<\/li>\n<li>Organisation&nbsp;et accompagnement de sorties scolaires,<\/li>\n<li>Animation pastorale et cat\u00e9ch\u00e8se.<\/li>\n<\/ul>\n","protected":false},"excerpt":{"rendered":"<p>L\u2019APEL, Association des Parents de l\u2019Enseignement Libre a un r\u00f4le actif \u00e0 jouer pour \u00e9tablir et d\u00e9velopper une bonne relation avec le Chef d\u2019\u00e9tablissement et avec l\u2019ensemble des parents. L\u2019APEL apporte aussi son aide dans certains domaines pour dynamiser la vie de l\u2019\u00e9cole en participant aux activit\u00e9s propos\u00e9es par l\u2019\u00e9tablissement. Le r\u00f4le de l\u2019APEL s\u2019exerce&hellip; <br \/> <a class=\"read-more\" href=\"https:\/\/ecolestmichel-laremaudiere.fr\/?page_id=4544\">Lire la suite<\/a><\/p>\n","protected":false},"author":4,"featured_media":0,"parent":0,"menu_order":0,"comment_status":"closed","ping_status":"closed","template":"","meta":{"ngg_post_thumbnail":0,"footnotes":""},"class_list":["post-4544","page","type-page","status-publish","hentry"],"_links":{"self":[{"href":"https:\/\/ecolestmichel-laremaudiere.fr\/index.php?rest_route=\/wp\/v2\/pages\/4544","targetHints":{"allow":["GET"]}}],"collection":[{"href":"https:\/\/ecolestmichel-laremaudiere.fr\/index.php?rest_route=\/wp\/v2\/pages"}],"about":[{"href":"https:\/\/ecolestmichel-laremaudiere.fr\/index.php?rest_route=\/wp\/v2\/types\/page"}],"author":[{"embeddable":true,"href":"https:\/\/ecolestmichel-laremaudiere.fr\/index.php?rest_route=\/wp\/v2\/users\/4"}],"replies":[{"embeddable":true,"href":"https:\/\/ecolestmichel-laremaudiere.fr\/index.php?rest_route=%2Fwp%2Fv2%2Fcomments&post=4544"}],"version-history":[{"count":1,"href":"https:\/\/ecolestmichel-laremaudiere.fr\/index.php?rest_route=\/wp\/v2\/pages\/4544\/revisions"}],"predecessor-version":[{"id":4545,"href":"https:\/\/ecolestmichel-laremaudiere.fr\/index.php?rest_route=\/wp\/v2\/pages\/4544\/revisions\/4545"}],"wp:attachment":[{"href":"https:\/\/ecolestmichel-laremaudiere.fr\/index.php?rest_route=%2Fwp%2Fv2%2Fmedia&parent=4544"}],"curies":[{"name":"wp","href":"https:\/\/api.w.org\/{rel}","templated":true}]}}