{"id":4514,"date":"2025-08-20T14:41:28","date_gmt":"2025-08-20T13:41:28","guid":{"rendered":"https:\/\/ecolestmichel-laremaudiere.fr\/?page_id=4514"},"modified":"2026-03-13T11:04:08","modified_gmt":"2026-03-13T10:04:08","slug":"mesmerize","status":"publish","type":"page","link":"https:\/\/ecolestmichel-laremaudiere.fr\/","title":{"rendered":"Front Page"},"content":{"rendered":"<div id=\"pl-4514\"  class=\"panel-layout\" ><div id=\"pg-4514-0\"  class=\"panel-grid panel-no-style\" ><div id=\"pgc-4514-0-0\"  class=\"panel-grid-cell\" ><div id=\"panel-4514-0-0-0\" class=\"so-panel widget widget_media_image panel-first-child panel-last-child\" data-index=\"0\" ><img loading=\"lazy\" decoding=\"async\" width=\"724\" height=\"1024\" src=\"https:\/\/ecolestmichel-laremaudiere.fr\/wp-content\/uploads\/2025\/08\/Affiche-inscription-724x1024.png\" class=\"image wp-image-4536  attachment-large size-large\" alt=\"\" style=\"max-width: 100%; height: auto;\" srcset=\"https:\/\/ecolestmichel-laremaudiere.fr\/wp-content\/uploads\/2025\/08\/Affiche-inscription-724x1024.png 724w, https:\/\/ecolestmichel-laremaudiere.fr\/wp-content\/uploads\/2025\/08\/Affiche-inscription-212x300.png 212w, https:\/\/ecolestmichel-laremaudiere.fr\/wp-content\/uploads\/2025\/08\/Affiche-inscription-768x1086.png 768w, https:\/\/ecolestmichel-laremaudiere.fr\/wp-content\/uploads\/2025\/08\/Affiche-inscription-1086x1536.png 1086w, https:\/\/ecolestmichel-laremaudiere.fr\/wp-content\/uploads\/2025\/08\/Affiche-inscription-1024x1448.png 1024w, https:\/\/ecolestmichel-laremaudiere.fr\/wp-content\/uploads\/2025\/08\/Affiche-inscription-764x1080.png 764w, https:\/\/ecolestmichel-laremaudiere.fr\/wp-content\/uploads\/2025\/08\/Affiche-inscription.png 1414w\" sizes=\"auto, (max-width: 724px) 100vw, 724px\" \/><\/div><\/div><div id=\"pgc-4514-0-1\"  class=\"panel-grid-cell\" ><div id=\"panel-4514-0-1-0\" class=\"so-panel widget widget_media_image panel-first-child\" data-index=\"1\" ><img loading=\"lazy\" decoding=\"async\" width=\"227\" height=\"222\" src=\"https:\/\/ecolestmichel-laremaudiere.fr\/wp-content\/uploads\/2026\/03\/Logo-MPP.png\" class=\"image wp-image-4677  attachment-full size-full\" alt=\"\" style=\"max-width: 100%; height: auto;\" \/><\/div><div id=\"panel-4514-0-1-1\" class=\"so-panel widget widget_text panel-last-child\" data-index=\"2\" >\t\t\t<div class=\"textwidget\"><p>Lundi 9 mars, l\u2019ensemble des classes de l\u2019\u00e9cole Saint Michel a d\u00e9but\u00e9 le challenge \u00ab Ma petite plan\u00e8te \u00bb (MPP) !<\/p>\n<p>&nbsp;<\/p>\n<div>\u00a0Le challenge, c\u2019est quoi ?<\/div>\n<div>Pendant 3 semaines, les \u00e9l\u00e8ves de l\u2019\u00e9cole Saint Michel vont relever des d\u00e9fis \u00e9cologiques dans plusieurs grandes cat\u00e9gories :<\/div>\n<div>\u00a0Biodiversit\u00e9 \u00b7 \u00a0Alimentation \u00b7 \u00a0Cr\u00e9ation \u00b7 \u00a0Mobilit\u00e9 \u00b7 \u00a0Et bien d\u2019autres !<\/div>\n<div>Les d\u00e9fis peuvent \u00eatre r\u00e9alis\u00e9s en classe\u2026 mais aussi \u00e0 la maison \u2014 toute la famille peut participer ! L\u2019objectif : remporter le plus de points possible et grimper au classement.<\/div>\n<p>&nbsp;<\/p>\n<\/div>\n\t\t<\/div><\/div><\/div><div id=\"pg-4514-1\"  class=\"panel-grid panel-no-style\" ><div id=\"pgc-4514-1-0\"  class=\"panel-grid-cell panel-grid-cell-empty\" ><\/div><\/div><div id=\"pg-4514-2\"  class=\"panel-grid panel-no-style\" ><div id=\"pgc-4514-2-0\"  class=\"panel-grid-cell\" ><div id=\"panel-4514-2-0-0\" class=\"so-panel widget widget_sow-post-carousel panel-first-child panel-last-child\" data-index=\"3\" ><div\n\t\t\t\n\t\t\tclass=\"so-widget-sow-post-carousel so-widget-sow-post-carousel-base-0471499d4c66-4514\"\n\t\t\t\n\t\t>\t<div\n\t\tclass=\"sow-post-carousel-wrapper sow-post-carousel-theme-base\"\n\t\tstyle=\"overflow: hidden; max-width: 100%; min-height: 182px\"\n\t>\n\t\t<div class=\"sow-carousel-title has-title\">\n\t<h3 class=\"widget-title\">Les derniers articles<\/h3>\t\t<div class=\"sow-carousel-navigation \">\n\t\t\t\t\t\t<a href=\"#\" class=\"sow-carousel-next\" title=\"Suivant\" aria-label=\"Next Posts\" role=\"button\"><\/a>\n\t\t\t\t\t\t<a href=\"#\" class=\"sow-carousel-previous\" title=\"Pr\u00e9c\u00e9dent\" aria-label=\"Previous Posts\" role=\"button\"><\/a>\n\t\t\t\t\t<\/div>\n\t<\/div>\n\n<div class=\"sow-carousel-container \">\n\t\t<div class=\"sow-carousel-wrapper\"\n\t\tdata-dir=\"ltr\"\n\t\tstyle=\"opacity: 0;\"\n\t\tdata-widget=\"post\" data-fetching=\"false\" data-page=\"1\" data-ajax-url=\"https:\/\/ecolestmichel-laremaudiere.fr\/wp-admin\/admin-ajax.php?_widgets_nonce=2ee1f75317\" data-item_count=\"5\" data-carousel_settings=\"{&quot;loop&quot;:true,&quot;animation&quot;:&quot;ease&quot;,&quot;animation_speed&quot;:400,&quot;autoplay&quot;:&quot;off&quot;,&quot;pauseOnHover&quot;:&quot;&quot;,&quot;autoplaySpeed&quot;:8000,&quot;item_overflow&quot;:true,&quot;autoplay_continuous_scroll&quot;:false}\" data-responsive=\"{&quot;desktop_slides_to_scroll&quot;:1,&quot;tablet_landscape_breakpoint&quot;:1366,&quot;tablet_landscape_slides_to_scroll&quot;:2,&quot;tablet_portrait_breakpoint&quot;:1025,&quot;tablet_portrait_slides_to_scroll&quot;:2,&quot;mobile_breakpoint&quot;:480,&quot;mobile_slides_to_scroll&quot;:1}\" data-variable_width=\"true\" \t>\n\t\t<div\n\t\t\tclass=\"sow-carousel-items\"\n\t\t\t\t\t>\n\t\t\t\t<div class=\"sow-carousel-item\" tabindex=\"-1\" style=\"float: left;\">\n\t\t<div class=\"sow-carousel-thumbnail\">\n\t\t\t\t\t\t\t<a\n\t\t\t\t\thref=\"https:\/\/ecolestmichel-laremaudiere.fr\/?p=4714\"\n\t\t\t\t\t\t\t\t\t\tstyle=\"background-image: url( https:\/\/ecolestmichel-laremaudiere.fr\/wp-content\/uploads\/2026\/03\/Capture-decran-2026-03-23-a-12.59.35-272x182.png )\"\n\t\t\t\t\taria-labelledby=\"sow-carousel-id-4714\"\n\t\t\t\t\ttabindex=\"-1\"\n\t\t\t\t>\n\t\t\t\t\t<span class=\"overlay\"><\/span>\n\t\t\t\t<\/a>\n\t\t\t\t\t<\/div>\n\t\t<h3 class=\"sow-carousel-item-title\">\n\t\t\t<a\n\t\t\t\thref=\"https:\/\/ecolestmichel-laremaudiere.fr\/?p=4714\"\n\t\t\t\tid=\"sow-carousel-id-4714\"\n\t\t\t\t\t\t\t\ttabindex=\"-1\"\n\t\t\t>\n\n\t\t\t\tSorties \u00e0 la biblioth\u00e8que\t\t\t<\/a>\n\t\t<\/h3>\n\t<\/div>\n\t\t<div class=\"sow-carousel-item\" tabindex=\"-1\" style=\"float: left;\">\n\t\t<div class=\"sow-carousel-thumbnail\">\n\t\t\t\t\t\t\t<a\n\t\t\t\t\thref=\"https:\/\/ecolestmichel-laremaudiere.fr\/?p=4709\"\n\t\t\t\t\t\t\t\t\t\tstyle=\"background-image: url( https:\/\/ecolestmichel-laremaudiere.fr\/wp-content\/uploads\/2026\/03\/Capture-decran-2026-03-23-a-12.23.53-272x182.png )\"\n\t\t\t\t\taria-labelledby=\"sow-carousel-id-4709\"\n\t\t\t\t\ttabindex=\"-1\"\n\t\t\t\t>\n\t\t\t\t\t<span class=\"overlay\"><\/span>\n\t\t\t\t<\/a>\n\t\t\t\t\t<\/div>\n\t\t<h3 class=\"sow-carousel-item-title\">\n\t\t\t<a\n\t\t\t\thref=\"https:\/\/ecolestmichel-laremaudiere.fr\/?p=4709\"\n\t\t\t\tid=\"sow-carousel-id-4709\"\n\t\t\t\t\t\t\t\ttabindex=\"-1\"\n\t\t\t>\n\n\t\t\t\tLe tour du monde en chantant\t\t\t<\/a>\n\t\t<\/h3>\n\t<\/div>\n\t\t<div class=\"sow-carousel-item\" tabindex=\"-1\" style=\"float: left;\">\n\t\t<div class=\"sow-carousel-thumbnail\">\n\t\t\t\t\t\t\t<a\n\t\t\t\t\thref=\"https:\/\/ecolestmichel-laremaudiere.fr\/?p=4680\"\n\t\t\t\t\t\t\t\t\t\tstyle=\"background-image: url( https:\/\/ecolestmichel-laremaudiere.fr\/wp-content\/uploads\/2026\/03\/Travaux-OGEC-Mars-2026-1-272x182.jpg )\"\n\t\t\t\t\taria-labelledby=\"sow-carousel-id-4680\"\n\t\t\t\t\ttabindex=\"-1\"\n\t\t\t\t>\n\t\t\t\t\t<span class=\"overlay\"><\/span>\n\t\t\t\t<\/a>\n\t\t\t\t\t<\/div>\n\t\t<h3 class=\"sow-carousel-item-title\">\n\t\t\t<a\n\t\t\t\thref=\"https:\/\/ecolestmichel-laremaudiere.fr\/?p=4680\"\n\t\t\t\tid=\"sow-carousel-id-4680\"\n\t\t\t\t\t\t\t\ttabindex=\"-1\"\n\t\t\t>\n\n\t\t\t\tMatin\u00e9e travaux OGEC\t\t\t<\/a>\n\t\t<\/h3>\n\t<\/div>\n\t\t<div class=\"sow-carousel-item\" tabindex=\"-1\" style=\"float: left;\">\n\t\t<div class=\"sow-carousel-thumbnail\">\n\t\t\t\t\t\t\t<a\n\t\t\t\t\thref=\"https:\/\/ecolestmichel-laremaudiere.fr\/?p=4675\"\n\t\t\t\t\t\t\t\t\t\tstyle=\"background-image: url( https:\/\/ecolestmichel-laremaudiere.fr\/wp-content\/uploads\/2026\/03\/5e274ba7-e09f-4664-a712-88ff88942779-272x182.jpg )\"\n\t\t\t\t\taria-labelledby=\"sow-carousel-id-4675\"\n\t\t\t\t\ttabindex=\"-1\"\n\t\t\t\t>\n\t\t\t\t\t<span class=\"overlay\"><\/span>\n\t\t\t\t<\/a>\n\t\t\t\t\t<\/div>\n\t\t<h3 class=\"sow-carousel-item-title\">\n\t\t\t<a\n\t\t\t\thref=\"https:\/\/ecolestmichel-laremaudiere.fr\/?p=4675\"\n\t\t\t\tid=\"sow-carousel-id-4675\"\n\t\t\t\t\t\t\t\ttabindex=\"-1\"\n\t\t\t>\n\n\t\t\t\tLancement des d\u00e9fis \u00ab\u00a0Ma Petite Plan\u00e8te\u00a0\u00bb\t\t\t<\/a>\n\t\t<\/h3>\n\t<\/div>\n\t\t<div class=\"sow-carousel-item\" tabindex=\"-1\" style=\"float: left;\">\n\t\t<div class=\"sow-carousel-thumbnail\">\n\t\t\t\t\t\t\t<a\n\t\t\t\t\thref=\"https:\/\/ecolestmichel-laremaudiere.fr\/?p=4659\"\n\t\t\t\t\t\t\t\t\t\tstyle=\"background-image: url( https:\/\/ecolestmichel-laremaudiere.fr\/wp-content\/uploads\/2026\/01\/img_0584-272x182.jpg )\"\n\t\t\t\t\taria-labelledby=\"sow-carousel-id-4659\"\n\t\t\t\t\ttabindex=\"-1\"\n\t\t\t\t>\n\t\t\t\t\t<span class=\"overlay\"><\/span>\n\t\t\t\t<\/a>\n\t\t\t\t\t<\/div>\n\t\t<h3 class=\"sow-carousel-item-title\">\n\t\t\t<a\n\t\t\t\thref=\"https:\/\/ecolestmichel-laremaudiere.fr\/?p=4659\"\n\t\t\t\tid=\"sow-carousel-id-4659\"\n\t\t\t\t\t\t\t\ttabindex=\"-1\"\n\t\t\t>\n\n\t\t\t\tC\u00e9l\u00e9bration de No\u00ebl\t\t\t<\/a>\n\t\t<\/h3>\n\t<\/div>\n\t\t<div class=\"sow-carousel-item\" tabindex=\"-1\" style=\"float: left;\">\n\t\t<div class=\"sow-carousel-thumbnail\">\n\t\t\t\t\t\t\t<a\n\t\t\t\t\thref=\"https:\/\/ecolestmichel-laremaudiere.fr\/?p=4643\"\n\t\t\t\t\t\t\t\t\t\tstyle=\"background-image: url( https:\/\/ecolestmichel-laremaudiere.fr\/wp-content\/uploads\/2025\/12\/img_9816-272x182.jpg )\"\n\t\t\t\t\taria-labelledby=\"sow-carousel-id-4643\"\n\t\t\t\t\ttabindex=\"-1\"\n\t\t\t\t>\n\t\t\t\t\t<span class=\"overlay\"><\/span>\n\t\t\t\t<\/a>\n\t\t\t\t\t<\/div>\n\t\t<h3 class=\"sow-carousel-item-title\">\n\t\t\t<a\n\t\t\t\thref=\"https:\/\/ecolestmichel-laremaudiere.fr\/?p=4643\"\n\t\t\t\tid=\"sow-carousel-id-4643\"\n\t\t\t\t\t\t\t\ttabindex=\"-1\"\n\t\t\t>\n\n\t\t\t\tInstallation du chef d\u2019\u00e9tablissement\t\t\t<\/a>\n\t\t<\/h3>\n\t<\/div>\n\t\t\t<\/div>\n\t\t\t<\/div>\n\n\t<\/div>\n\t\t<input type=\"hidden\" name=\"instance_hash\" value=\"7d077c90\"\/>\n\t<\/div>\n<\/div><\/div><\/div><\/div><\/div>","protected":false},"excerpt":{"rendered":"<p>Lundi 9 mars, l\u2019ensemble des classes de l\u2019\u00e9cole Saint Michel a d\u00e9but\u00e9 le challenge \u00ab Ma petite plan\u00e8te \u00bb (MPP) ! &nbsp; \u00a0Le challenge, c\u2019est quoi ? Pendant 3 semaines, les \u00e9l\u00e8ves de l\u2019\u00e9cole Saint Michel vont relever des d\u00e9fis \u00e9cologiques dans plusieurs grandes cat\u00e9gories : \u00a0Biodiversit\u00e9 \u00b7 \u00a0Alimentation \u00b7 \u00a0Cr\u00e9ation \u00b7 \u00a0Mobilit\u00e9 \u00b7 \u00a0Et&hellip; <br \/> <a class=\"read-more\" href=\"https:\/\/ecolestmichel-laremaudiere.fr\/\">Lire la suite<\/a><\/p>\n","protected":false},"author":4,"featured_media":0,"parent":0,"menu_order":0,"comment_status":"closed","ping_status":"closed","template":"page-templates\/homepage.php","meta":{"ngg_post_thumbnail":0,"footnotes":""},"class_list":["post-4514","page","type-page","status-publish","hentry"],"_links":{"self":[{"href":"https:\/\/ecolestmichel-laremaudiere.fr\/index.php?rest_route=\/wp\/v2\/pages\/4514","targetHints":{"allow":["GET"]}}],"collection":[{"href":"https:\/\/ecolestmichel-laremaudiere.fr\/index.php?rest_route=\/wp\/v2\/pages"}],"about":[{"href":"https:\/\/ecolestmichel-laremaudiere.fr\/index.php?rest_route=\/wp\/v2\/types\/page"}],"author":[{"embeddable":true,"href":"https:\/\/ecolestmichel-laremaudiere.fr\/index.php?rest_route=\/wp\/v2\/users\/4"}],"replies":[{"embeddable":true,"href":"https:\/\/ecolestmichel-laremaudiere.fr\/index.php?rest_route=%2Fwp%2Fv2%2Fcomments&post=4514"}],"version-history":[{"count":43,"href":"https:\/\/ecolestmichel-laremaudiere.fr\/index.php?rest_route=\/wp\/v2\/pages\/4514\/revisions"}],"predecessor-version":[{"id":4707,"href":"https:\/\/ecolestmichel-laremaudiere.fr\/index.php?rest_route=\/wp\/v2\/pages\/4514\/revisions\/4707"}],"wp:attachment":[{"href":"https:\/\/ecolestmichel-laremaudiere.fr\/index.php?rest_route=%2Fwp%2Fv2%2Fmedia&parent=4514"}],"curies":[{"name":"wp","href":"https:\/\/api.w.org\/{rel}","templated":true}]}}