{"id":38,"date":"2013-11-26T12:59:15","date_gmt":"2013-11-26T11:59:15","guid":{"rendered":"https:\/\/ecolestmichel-laremaudiere.fr\/?page_id=38"},"modified":"2026-02-20T08:47:59","modified_gmt":"2026-02-20T07:47:59","slug":"contact","status":"publish","type":"page","link":"https:\/\/ecolestmichel-laremaudiere.fr\/?page_id=38","title":{"rendered":"CONTACTS"},"content":{"rendered":"<h2 style=\"text-align: center;\"><strong>Pour nous contacter&nbsp;:<\/strong><\/h2>\n<p>&nbsp;<\/p>\n<p>ec.remaudiere.st-michel@ec44.fr<\/p>\n<p>&nbsp;<\/p>\n<p>02.40.33.73.47, n&rsquo;h\u00e9sitez pas \u00e0 laisser un&nbsp;message sur le r\u00e9pondeur.<\/p>\n<p>&nbsp;<\/p>\n<p>Ecole St-Michel<\/p>\n<p>33 rue Anne de Bretagne&nbsp;<\/p>\n<p>44430 LA REMAUDIERE &nbsp;&nbsp;&nbsp;&nbsp;&nbsp;&nbsp;&nbsp;&nbsp;&nbsp;&nbsp;&nbsp;&nbsp;&nbsp;&nbsp;&nbsp;&nbsp;<\/p>\n","protected":false},"excerpt":{"rendered":"<p>Pour nous contacter&nbsp;: &nbsp; ec.remaudiere.st-michel@ec44.fr &nbsp; 02.40.33.73.47, n&rsquo;h\u00e9sitez pas \u00e0 laisser un&nbsp;message sur le r\u00e9pondeur. &nbsp; Ecole St-Michel 33 rue Anne de Bretagne&nbsp; 44430 LA REMAUDIERE &nbsp;&nbsp;&nbsp;&nbsp;&nbsp;&nbsp;&nbsp;&nbsp;&nbsp;&nbsp;&nbsp;&nbsp;&nbsp;&nbsp;&nbsp;&nbsp;<\/p>\n","protected":false},"author":4,"featured_media":0,"parent":0,"menu_order":7,"comment_status":"closed","ping_status":"closed","template":"","meta":{"ngg_post_thumbnail":0,"footnotes":""},"class_list":["post-38","page","type-page","status-publish","hentry"],"_links":{"self":[{"href":"https:\/\/ecolestmichel-laremaudiere.fr\/index.php?rest_route=\/wp\/v2\/pages\/38","targetHints":{"allow":["GET"]}}],"collection":[{"href":"https:\/\/ecolestmichel-laremaudiere.fr\/index.php?rest_route=\/wp\/v2\/pages"}],"about":[{"href":"https:\/\/ecolestmichel-laremaudiere.fr\/index.php?rest_route=\/wp\/v2\/types\/page"}],"author":[{"embeddable":true,"href":"https:\/\/ecolestmichel-laremaudiere.fr\/index.php?rest_route=\/wp\/v2\/users\/4"}],"replies":[{"embeddable":true,"href":"https:\/\/ecolestmichel-laremaudiere.fr\/index.php?rest_route=%2Fwp%2Fv2%2Fcomments&post=38"}],"version-history":[{"count":10,"href":"https:\/\/ecolestmichel-laremaudiere.fr\/index.php?rest_route=\/wp\/v2\/pages\/38\/revisions"}],"predecessor-version":[{"id":4670,"href":"https:\/\/ecolestmichel-laremaudiere.fr\/index.php?rest_route=\/wp\/v2\/pages\/38\/revisions\/4670"}],"wp:attachment":[{"href":"https:\/\/ecolestmichel-laremaudiere.fr\/index.php?rest_route=%2Fwp%2Fv2%2Fmedia&parent=38"}],"curies":[{"name":"wp","href":"https:\/\/api.w.org\/{rel}","templated":true}]}}