{"id":3352,"date":"2022-03-21T14:59:14","date_gmt":"2022-03-21T13:59:14","guid":{"rendered":"https:\/\/ecolestmichel-laremaudiere.fr\/?page_id=3352"},"modified":"2023-11-15T19:43:20","modified_gmt":"2023-11-15T18:43:20","slug":"ecvn","status":"publish","type":"page","link":"https:\/\/ecolestmichel-laremaudiere.fr\/?page_id=3352","title":{"rendered":"ECVN"},"content":{"rendered":"<div><a href=\"https:\/\/ecolestmichel-laremaudiere.fr\/wp-content\/uploads\/2022\/03\/logo-ECVN.jpg\"><img loading=\"lazy\" decoding=\"async\" class=\"aligncenter size-full wp-image-3359\" src=\"https:\/\/ecolestmichel-laremaudiere.fr\/wp-content\/uploads\/2022\/03\/logo-ECVN.jpg\" alt=\"\" width=\"1212\" height=\"107\"><\/a><\/div>\n<div class=\"projet2bis\"><b>L&rsquo;\u00e9cole de la Remaudi\u00e8re a int\u00e9gr\u00e9 l&rsquo;ECVN en septembre 2021. <\/b><\/div>\n<div class=\"projet2bis\"><b>C&rsquo;est un groupement d&rsquo;\u00c9tablissements Catholiques \u00e9tabli<br \/>\ndans le Vignoble Nantais.<\/b><\/div>\n<p>Ce r\u00e9seau est n\u00e9 de concertations entre chefs d&rsquo;\u00e9tablissement pour promouvoir les parcours \u00e9ducatifs de la maternelle au post bac, en d\u00e9veloppant la continuit\u00e9 p\u00e9dagogique, la collaboration, le suivi des \u00e9l\u00e8ves, les passerelles de formation, le partage des ressources&#8230; Il f\u00e9d\u00e8re des \u00e9coles, des coll\u00e8ges et des lyc\u00e9es de notre magnifique territoire.<\/p>\n<p>Plus d&rsquo;informations sur le site internet: <a href=\"https:\/\/ecvn44.fr\/\">https:\/\/ecvn44.fr\/<\/a><\/p>\n<p>&nbsp;<\/p>\n<p>&nbsp;<\/p>\n<div id=\"sconnect-is-installed\" style=\"display: none;\">&nbsp;<\/div>\n<div id=\"sconnect-is-installed\" style=\"display: none;\">&nbsp;<\/div>\n<div id=\"sconnect-is-installed\" style=\"display: none;\">&nbsp;<\/div>\n<div id=\"sconnect-is-installed\" style=\"display: none;\">2.14.0.0<\/div>\n<div id=\"sconnect-is-installed\" style=\"display: none;\">2.14.0.0<\/div>\n<div id=\"sconnect-is-installed\" style=\"display: none;\">2.15.0.0<\/div>\n<div id=\"sconnect-is-installed\" style=\"display: none;\">2.15.0.0<\/div>\n","protected":false},"excerpt":{"rendered":"<p>L&rsquo;\u00e9cole de la Remaudi\u00e8re a int\u00e9gr\u00e9 l&rsquo;ECVN en septembre 2021. C&rsquo;est un groupement d&rsquo;\u00c9tablissements Catholiques \u00e9tabli dans le Vignoble Nantais. Ce r\u00e9seau est n\u00e9 de concertations entre chefs d&rsquo;\u00e9tablissement pour promouvoir les parcours \u00e9ducatifs de la maternelle au post bac, en d\u00e9veloppant la continuit\u00e9 p\u00e9dagogique, la collaboration, le suivi des \u00e9l\u00e8ves, les passerelles de formation,&hellip; <br \/> <a class=\"read-more\" href=\"https:\/\/ecolestmichel-laremaudiere.fr\/?page_id=3352\">Lire la suite<\/a><\/p>\n","protected":false},"author":2,"featured_media":0,"parent":0,"menu_order":0,"comment_status":"closed","ping_status":"closed","template":"","meta":{"ngg_post_thumbnail":0,"footnotes":""},"class_list":["post-3352","page","type-page","status-publish","hentry"],"_links":{"self":[{"href":"https:\/\/ecolestmichel-laremaudiere.fr\/index.php?rest_route=\/wp\/v2\/pages\/3352","targetHints":{"allow":["GET"]}}],"collection":[{"href":"https:\/\/ecolestmichel-laremaudiere.fr\/index.php?rest_route=\/wp\/v2\/pages"}],"about":[{"href":"https:\/\/ecolestmichel-laremaudiere.fr\/index.php?rest_route=\/wp\/v2\/types\/page"}],"author":[{"embeddable":true,"href":"https:\/\/ecolestmichel-laremaudiere.fr\/index.php?rest_route=\/wp\/v2\/users\/2"}],"replies":[{"embeddable":true,"href":"https:\/\/ecolestmichel-laremaudiere.fr\/index.php?rest_route=%2Fwp%2Fv2%2Fcomments&post=3352"}],"version-history":[{"count":9,"href":"https:\/\/ecolestmichel-laremaudiere.fr\/index.php?rest_route=\/wp\/v2\/pages\/3352\/revisions"}],"predecessor-version":[{"id":3960,"href":"https:\/\/ecolestmichel-laremaudiere.fr\/index.php?rest_route=\/wp\/v2\/pages\/3352\/revisions\/3960"}],"wp:attachment":[{"href":"https:\/\/ecolestmichel-laremaudiere.fr\/index.php?rest_route=%2Fwp%2Fv2%2Fmedia&parent=3352"}],"curies":[{"name":"wp","href":"https:\/\/api.w.org\/{rel}","templated":true}]}}