{"id":28,"date":"2013-11-26T12:53:12","date_gmt":"2013-11-26T11:53:12","guid":{"rendered":"https:\/\/ecolestmichel-laremaudiere.fr\/?page_id=28"},"modified":"2025-08-20T15:33:04","modified_gmt":"2025-08-20T14:33:04","slug":"les-sorties","status":"publish","type":"page","link":"https:\/\/ecolestmichel-laremaudiere.fr\/?page_id=28","title":{"rendered":""},"content":{"rendered":"<p>L&rsquo;inscription de votre enfant peut se faire tout au long de l&rsquo;ann\u00e9e scolaire.<\/p>\n<p>Pour une inscription en petite section, les rendez-vous d\u00e9butent au mois de d\u00e9cembre. Il faut donc contacter le directeur par mail d\u00e8s le mois de novembre pour convenir d&rsquo;un rendez-vous.&nbsp; Lors de cette rencontre, vous pourrez visiter les locaux et le projet \u00e9ducatif vous sera pr\u00e9sent\u00e9.<\/p>\n<p>Mail : ecole.remaudiere@ec44.fr<\/p>\n<div id=\"sconnect-is-installed\" style=\"display: none;\">&nbsp;<\/div>\n<div id=\"sconnect-is-installed\" style=\"display: none;\">&nbsp;<\/div>\n<div id=\"sconnect-is-installed\" style=\"display: none;\">&nbsp;<\/div>\n<div id=\"sconnect-is-installed\" style=\"display: none;\">&nbsp;<\/div>\n<div id=\"sconnect-is-installed\" style=\"display: none;\">&nbsp;<\/div>\n<div id=\"sconnect-is-installed\" style=\"display: none;\">&nbsp;<\/div>\n<div id=\"sconnect-is-installed\" style=\"display: none;\">&nbsp;<\/div>\n<div id=\"sconnect-is-installed\" style=\"display: none;\">2.15.0.0<\/div>\n<div id=\"sconnect-is-installed\" style=\"display: none;\">2.15.0.0<\/div>\n<div id=\"sconnect-is-installed\" style=\"display: none;\">2.15.0.0<\/div>\n","protected":false},"excerpt":{"rendered":"<p>L&rsquo;inscription de votre enfant peut se faire tout au long de l&rsquo;ann\u00e9e scolaire. Pour une inscription en petite section, les rendez-vous d\u00e9butent au mois de d\u00e9cembre. Il faut donc contacter le directeur par mail d\u00e8s le mois de novembre pour convenir d&rsquo;un rendez-vous.&nbsp; Lors de cette rencontre, vous pourrez visiter les locaux et le projet&hellip; <br \/> <a class=\"read-more\" href=\"https:\/\/ecolestmichel-laremaudiere.fr\/?page_id=28\">Lire la suite<\/a><\/p>\n","protected":false},"author":4,"featured_media":0,"parent":0,"menu_order":4,"comment_status":"closed","ping_status":"closed","template":"","meta":{"ngg_post_thumbnail":0,"footnotes":""},"class_list":["post-28","page","type-page","status-publish","hentry"],"_links":{"self":[{"href":"https:\/\/ecolestmichel-laremaudiere.fr\/index.php?rest_route=\/wp\/v2\/pages\/28","targetHints":{"allow":["GET"]}}],"collection":[{"href":"https:\/\/ecolestmichel-laremaudiere.fr\/index.php?rest_route=\/wp\/v2\/pages"}],"about":[{"href":"https:\/\/ecolestmichel-laremaudiere.fr\/index.php?rest_route=\/wp\/v2\/types\/page"}],"author":[{"embeddable":true,"href":"https:\/\/ecolestmichel-laremaudiere.fr\/index.php?rest_route=\/wp\/v2\/users\/4"}],"replies":[{"embeddable":true,"href":"https:\/\/ecolestmichel-laremaudiere.fr\/index.php?rest_route=%2Fwp%2Fv2%2Fcomments&post=28"}],"version-history":[{"count":23,"href":"https:\/\/ecolestmichel-laremaudiere.fr\/index.php?rest_route=\/wp\/v2\/pages\/28\/revisions"}],"predecessor-version":[{"id":4535,"href":"https:\/\/ecolestmichel-laremaudiere.fr\/index.php?rest_route=\/wp\/v2\/pages\/28\/revisions\/4535"}],"wp:attachment":[{"href":"https:\/\/ecolestmichel-laremaudiere.fr\/index.php?rest_route=%2Fwp%2Fv2%2Fmedia&parent=28"}],"curies":[{"name":"wp","href":"https:\/\/api.w.org\/{rel}","templated":true}]}}